{"id":1342,"date":"2019-10-11T12:52:18","date_gmt":"2019-10-11T10:52:18","guid":{"rendered":"https:\/\/www.ranchorioebro.cz\/unterkunft-2\/apartman-c-4\/"},"modified":"2026-01-13T14:13:10","modified_gmt":"2026-01-13T13:13:10","slug":"wohnung-nr-4","status":"publish","type":"page","link":"https:\/\/www.ranchorioebro.cz\/de\/unterkunft-2\/wohnung-nr-4\/","title":{"rendered":"Wohnung Nr.4"},"content":{"rendered":"<ul>\n<li><span class=\"tlid-translation translation\" lang=\"de\"><span title=\"\">2 Doppelschlafzimmer<\/span><br \/>\n<\/span><\/li>\n<li><span class=\"tlid-translation translation\" lang=\"de\"><span title=\"\">Klimaanlage<\/span><br \/>\n<\/span><\/li>\n<li><span class=\"tlid-translation translation\" lang=\"de\"><span title=\"\">Wohnzimmer mit Seeblick<\/span><br \/>\n<\/span><\/li>\n<li><span class=\"tlid-translation translation\" lang=\"de\"><span title=\"\">Bad mit Dusche<\/span><br \/>\n<\/span><\/li>\n<li><span class=\"tlid-translation translation\" lang=\"de\"><span title=\"\">k\u00fchlschrank<\/span><br \/>\n<\/span><\/li>\n<li><span class=\"tlid-translation translation\" lang=\"de\"><span class=\"\" title=\"\">Gefrierschrank<\/span><br \/>\n<\/span><\/li>\n<li><span class=\"tlid-translation translation\" lang=\"de\"><span class=\"\" title=\"\">\u00fcberdachte Au\u00dfenterrasse mit Blick auf den See<\/span><br \/>\n<\/span><\/li>\n<li><span class=\"tlid-translation translation\" lang=\"de\"><span class=\"\" title=\"\">ausgestattete K\u00fcchenzeile mit Gasherd!<\/span><\/span><\/li>\n<\/ul>\n<p><span class=\"tlid-translation translation\" lang=\"de\"><span class=\"\" title=\"\"><strong>Kapazit\u00e4t:<\/strong> 4<\/span><\/span><\/p>\n<h3>Fotogalerie<\/h3>\n<style type=\"text\/css\">\n\t\t\t#gallery-1 {\n\t\t\t\tmargin: auto;\n\t\t\t}\n\t\t\t#gallery-1 .gallery-item {\n\t\t\t\tfloat: left;\n\t\t\t\tmargin-top: 10px;\n\t\t\t\ttext-align: center;\n\t\t\t\twidth: 25%;\n\t\t\t}\n\t\t\t#gallery-1 img {\n\t\t\t\tborder: 2px solid #cfcfcf;\n\t\t\t}\n\t\t\t#gallery-1 .gallery-caption {\n\t\t\t\tmargin-left: 0;\n\t\t\t}\n\t\t\t\/* see gallery_shortcode() in wp-includes\/media.php *\/\n\t\t<\/style>\n<div id='gallery-1' class='gallery galleryid-1342 gallery-columns-4 gallery-size-thumbnail'>\n<dl class='gallery-item'>\n<dt class='gallery-icon landscape'>\n\t\t\t\t<a href='https:\/\/www.ranchorioebro.cz\/wp-content\/uploads\/2019\/10\/P2281317-1.jpg' title=\"\" data-rl_title=\"\" class=\"rl-gallery-link\" data-rl_caption=\"\" data-rel=\"lightbox-gallery-1\"><img width=\"350\" height=\"250\" src=\"https:\/\/www.ranchorioebro.cz\/wp-content\/uploads\/2019\/10\/P2281317-1-350x250.jpg\" class=\"attachment-thumbnail size-thumbnail\" alt=\"\" loading=\"lazy\" \/><\/a>\n\t\t\t<\/dt>\n<\/dl>\n<dl class='gallery-item'>\n<dt class='gallery-icon landscape'>\n\t\t\t\t<a href='https:\/\/www.ranchorioebro.cz\/wp-content\/uploads\/2019\/10\/v_P2281318.jpg' title=\"\" data-rl_title=\"\" class=\"rl-gallery-link\" data-rl_caption=\"\" data-rel=\"lightbox-gallery-1\"><img width=\"350\" height=\"250\" src=\"https:\/\/www.ranchorioebro.cz\/wp-content\/uploads\/2019\/10\/v_P2281318-350x250.jpg\" class=\"attachment-thumbnail size-thumbnail\" alt=\"\" loading=\"lazy\" \/><\/a>\n\t\t\t<\/dt>\n<\/dl>\n<dl class='gallery-item'>\n<dt class='gallery-icon landscape'>\n\t\t\t\t<a href='https:\/\/www.ranchorioebro.cz\/wp-content\/uploads\/2019\/10\/AP_4_-_1.jpg' title=\"\" data-rl_title=\"\" class=\"rl-gallery-link\" data-rl_caption=\"\" data-rel=\"lightbox-gallery-1\"><img width=\"350\" height=\"250\" src=\"https:\/\/www.ranchorioebro.cz\/wp-content\/uploads\/2019\/10\/AP_4_-_1-350x250.jpg\" class=\"attachment-thumbnail size-thumbnail\" alt=\"\" loading=\"lazy\" \/><\/a>\n\t\t\t<\/dt>\n<\/dl>\n<dl class='gallery-item'>\n<dt class='gallery-icon landscape'>\n\t\t\t\t<a href='https:\/\/www.ranchorioebro.cz\/wp-content\/uploads\/2019\/10\/AP_4_-_2.jpg' title=\"\" data-rl_title=\"\" class=\"rl-gallery-link\" data-rl_caption=\"\" data-rel=\"lightbox-gallery-1\"><img width=\"350\" height=\"250\" src=\"https:\/\/www.ranchorioebro.cz\/wp-content\/uploads\/2019\/10\/AP_4_-_2-350x250.jpg\" class=\"attachment-thumbnail size-thumbnail\" alt=\"\" loading=\"lazy\" \/><\/a>\n\t\t\t<\/dt>\n<\/dl>\n<p><br style=\"clear: both\" \/><\/p>\n<dl class='gallery-item'>\n<dt class='gallery-icon landscape'>\n\t\t\t\t<a href='https:\/\/www.ranchorioebro.cz\/wp-content\/uploads\/2019\/10\/AP_4_-_3.jpg' title=\"\" data-rl_title=\"\" class=\"rl-gallery-link\" data-rl_caption=\"\" data-rel=\"lightbox-gallery-1\"><img width=\"350\" height=\"250\" src=\"https:\/\/www.ranchorioebro.cz\/wp-content\/uploads\/2019\/10\/AP_4_-_3-350x250.jpg\" class=\"attachment-thumbnail size-thumbnail\" alt=\"\" loading=\"lazy\" \/><\/a>\n\t\t\t<\/dt>\n<\/dl>\n<dl class='gallery-item'>\n<dt class='gallery-icon landscape'>\n\t\t\t\t<a href='https:\/\/www.ranchorioebro.cz\/wp-content\/uploads\/2019\/10\/P2281327.jpg' title=\"\" data-rl_title=\"\" class=\"rl-gallery-link\" data-rl_caption=\"\" data-rel=\"lightbox-gallery-1\"><img width=\"350\" height=\"250\" src=\"https:\/\/www.ranchorioebro.cz\/wp-content\/uploads\/2019\/10\/P2281327-350x250.jpg\" class=\"attachment-thumbnail size-thumbnail\" alt=\"\" loading=\"lazy\" \/><\/a>\n\t\t\t<\/dt>\n<\/dl>\n<dl class='gallery-item'>\n<dt class='gallery-icon landscape'>\n\t\t\t\t<a href='https:\/\/www.ranchorioebro.cz\/wp-content\/uploads\/2019\/10\/P2281328.jpg' title=\"\" data-rl_title=\"\" class=\"rl-gallery-link\" data-rl_caption=\"\" data-rel=\"lightbox-gallery-1\"><img width=\"350\" height=\"250\" src=\"https:\/\/www.ranchorioebro.cz\/wp-content\/uploads\/2019\/10\/P2281328-350x250.jpg\" class=\"attachment-thumbnail size-thumbnail\" alt=\"\" loading=\"lazy\" \/><\/a>\n\t\t\t<\/dt>\n<\/dl>\n<dl class='gallery-item'>\n<dt class='gallery-icon landscape'>\n\t\t\t\t<a href='https:\/\/www.ranchorioebro.cz\/wp-content\/uploads\/2019\/10\/P2281330.jpg' title=\"\" data-rl_title=\"\" class=\"rl-gallery-link\" data-rl_caption=\"\" data-rel=\"lightbox-gallery-1\"><img width=\"350\" height=\"250\" src=\"https:\/\/www.ranchorioebro.cz\/wp-content\/uploads\/2019\/10\/P2281330-350x250.jpg\" class=\"attachment-thumbnail size-thumbnail\" alt=\"\" loading=\"lazy\" \/><\/a>\n\t\t\t<\/dt>\n<\/dl>\n<p><br style=\"clear: both\" \/><\/p>\n<dl class='gallery-item'>\n<dt class='gallery-icon landscape'>\n\t\t\t\t<a href='https:\/\/www.ranchorioebro.cz\/wp-content\/uploads\/2019\/10\/P2281331.jpg' title=\"\" data-rl_title=\"\" class=\"rl-gallery-link\" data-rl_caption=\"\" data-rel=\"lightbox-gallery-1\"><img width=\"350\" height=\"250\" src=\"https:\/\/www.ranchorioebro.cz\/wp-content\/uploads\/2019\/10\/P2281331-350x250.jpg\" class=\"attachment-thumbnail size-thumbnail\" alt=\"\" loading=\"lazy\" \/><\/a>\n\t\t\t<\/dt>\n<\/dl>\n<dl class='gallery-item'>\n<dt class='gallery-icon landscape'>\n\t\t\t\t<a href='https:\/\/www.ranchorioebro.cz\/wp-content\/uploads\/2019\/10\/P2281333.jpg' title=\"\" data-rl_title=\"\" class=\"rl-gallery-link\" data-rl_caption=\"\" data-rel=\"lightbox-gallery-1\"><img width=\"350\" height=\"250\" src=\"https:\/\/www.ranchorioebro.cz\/wp-content\/uploads\/2019\/10\/P2281333-350x250.jpg\" class=\"attachment-thumbnail size-thumbnail\" alt=\"\" loading=\"lazy\" \/><\/a>\n\t\t\t<\/dt>\n<\/dl>\n<p>\t\t\t<br style='clear: both' \/>\n\t\t<\/div>\n","protected":false},"excerpt":{"rendered":"<p>2 Doppelschlafzimmer Klimaanlage Wohnzimmer mit Seeblick Bad mit Dusche k\u00fchlschrank Gefrierschrank \u00fcberdachte Au\u00dfenterrasse mit Blick auf den See ausgestattete K\u00fcchenzeile mit Gasherd! Kapazit\u00e4t: 4 Fotogalerie<\/p>\n","protected":false},"author":1,"featured_media":778,"parent":1220,"menu_order":40,"comment_status":"closed","ping_status":"closed","template":"template-detail-apartman.php","meta":[],"_links":{"self":[{"href":"https:\/\/www.ranchorioebro.cz\/de\/wp-json\/wp\/v2\/pages\/1342\/"}],"collection":[{"href":"https:\/\/www.ranchorioebro.cz\/de\/wp-json\/wp\/v2\/pages\/"}],"about":[{"href":"https:\/\/www.ranchorioebro.cz\/de\/wp-json\/wp\/v2\/types\/page\/"}],"author":[{"embeddable":true,"href":"https:\/\/www.ranchorioebro.cz\/de\/wp-json\/wp\/v2\/users\/1\/"}],"replies":[{"embeddable":true,"href":"https:\/\/www.ranchorioebro.cz\/de\/wp-json\/wp\/v2\/comments\/?post=1342"}],"version-history":[{"count":3,"href":"https:\/\/www.ranchorioebro.cz\/de\/wp-json\/wp\/v2\/pages\/1342\/revisions\/"}],"predecessor-version":[{"id":5498,"href":"https:\/\/www.ranchorioebro.cz\/de\/wp-json\/wp\/v2\/pages\/1342\/revisions\/5498\/"}],"up":[{"embeddable":true,"href":"https:\/\/www.ranchorioebro.cz\/de\/wp-json\/wp\/v2\/pages\/1220\/"}],"wp:featuredmedia":[{"embeddable":true,"href":"https:\/\/www.ranchorioebro.cz\/de\/wp-json\/wp\/v2\/media\/778\/"}],"wp:attachment":[{"href":"https:\/\/www.ranchorioebro.cz\/de\/wp-json\/wp\/v2\/media\/?parent=1342"}],"curies":[{"name":"wp","href":"https:\/\/api.w.org\/{rel}","templated":true}]}}