{"id":1336,"date":"2019-10-11T11:25:52","date_gmt":"2019-10-11T09:25:52","guid":{"rendered":"https:\/\/www.ranchorioebro.cz\/unterkunft-2\/apartman-c-2\/"},"modified":"2026-01-13T14:08:36","modified_gmt":"2026-01-13T13:08:36","slug":"wohnung-nr-2","status":"publish","type":"page","link":"https:\/\/www.ranchorioebro.cz\/de\/unterkunft-2\/wohnung-nr-2\/","title":{"rendered":"Wohnung Nr.2"},"content":{"rendered":"<ul>\n<li><span class=\"tlid-translation translation\" lang=\"de\"><span class=\"\" title=\"\">1 Dreibettzimmer<\/span><br \/>\n<\/span><\/li>\n<li><span class=\"tlid-translation translation\" lang=\"de\"><span title=\"\">1 Doppelschlafzimmer<\/span><br \/>\n<\/span><\/li>\n<li><span class=\"tlid-translation translation\" lang=\"de\"><span title=\"\">Klimaanlage<\/span><br \/>\n<\/span><\/li>\n<li><span class=\"tlid-translation translation\" lang=\"de\"><span class=\"\" title=\"\">Wohnzimmer mit Seeblick<\/span><br \/>\n<\/span><\/li>\n<li><span class=\"tlid-translation translation\" lang=\"de\"><span class=\"\" title=\"\">Bad mit Dusche<\/span><br \/>\n<\/span><\/li>\n<li><span class=\"tlid-translation translation\" lang=\"de\"><span class=\"\" title=\"\">k\u00fchlschrank<\/span><br \/>\n<\/span><\/li>\n<li><span class=\"tlid-translation translation\" lang=\"de\"><span class=\"\" title=\"\">Gefrierschrank<\/span><\/span><\/li>\n<\/ul>\n<p><strong><span class=\"tlid-translation translation\" lang=\"de\"><span class=\"\" title=\"\">Kapazit\u00e4t:<\/span><\/span> <\/strong>5 (<span class=\"tlid-translation translation\" lang=\"de\"><span class=\"\" title=\"\">optimale Kapazit\u00e4t 4 Personen<\/span><\/span>)<\/p>\n<h3>Fotogalerie<\/h3>\n<style type=\"text\/css\">\n\t\t\t#gallery-1 {\n\t\t\t\tmargin: auto;\n\t\t\t}\n\t\t\t#gallery-1 .gallery-item {\n\t\t\t\tfloat: left;\n\t\t\t\tmargin-top: 10px;\n\t\t\t\ttext-align: center;\n\t\t\t\twidth: 25%;\n\t\t\t}\n\t\t\t#gallery-1 img {\n\t\t\t\tborder: 2px solid #cfcfcf;\n\t\t\t}\n\t\t\t#gallery-1 .gallery-caption {\n\t\t\t\tmargin-left: 0;\n\t\t\t}\n\t\t\t\/* see gallery_shortcode() in wp-includes\/media.php *\/\n\t\t<\/style>\n<div id='gallery-1' class='gallery galleryid-1336 gallery-columns-4 gallery-size-thumbnail'>\n<dl class='gallery-item'>\n<dt class='gallery-icon landscape'>\n\t\t\t\t<a href='https:\/\/www.ranchorioebro.cz\/wp-content\/uploads\/2019\/10\/AP_1-3x.jpg' title=\"\" data-rl_title=\"\" class=\"rl-gallery-link\" data-rl_caption=\"\" data-rel=\"lightbox-gallery-1\"><img width=\"350\" height=\"250\" src=\"https:\/\/www.ranchorioebro.cz\/wp-content\/uploads\/2019\/10\/AP_1-3x-350x250.jpg\" class=\"attachment-thumbnail size-thumbnail\" alt=\"\" loading=\"lazy\" \/><\/a>\n\t\t\t<\/dt>\n<\/dl>\n<dl class='gallery-item'>\n<dt class='gallery-icon landscape'>\n\t\t\t\t<a href='https:\/\/www.ranchorioebro.cz\/wp-content\/uploads\/2019\/10\/AP_2_-_2.jpg' title=\"\" data-rl_title=\"\" class=\"rl-gallery-link\" data-rl_caption=\"\" data-rel=\"lightbox-gallery-1\"><img width=\"350\" height=\"250\" src=\"https:\/\/www.ranchorioebro.cz\/wp-content\/uploads\/2019\/10\/AP_2_-_2-350x250.jpg\" class=\"attachment-thumbnail size-thumbnail\" alt=\"\" loading=\"lazy\" \/><\/a>\n\t\t\t<\/dt>\n<\/dl>\n<dl class='gallery-item'>\n<dt class='gallery-icon landscape'>\n\t\t\t\t<a href='https:\/\/www.ranchorioebro.cz\/wp-content\/uploads\/2019\/10\/AP_2_-_3.jpg' title=\"\" data-rl_title=\"\" class=\"rl-gallery-link\" data-rl_caption=\"\" data-rel=\"lightbox-gallery-1\"><img width=\"350\" height=\"250\" src=\"https:\/\/www.ranchorioebro.cz\/wp-content\/uploads\/2019\/10\/AP_2_-_3-350x250.jpg\" class=\"attachment-thumbnail size-thumbnail\" alt=\"\" loading=\"lazy\" \/><\/a>\n\t\t\t<\/dt>\n<\/dl>\n<dl class='gallery-item'>\n<dt class='gallery-icon landscape'>\n\t\t\t\t<a href='https:\/\/www.ranchorioebro.cz\/wp-content\/uploads\/2019\/10\/AP_2_-_4.jpg' title=\"\" data-rl_title=\"\" class=\"rl-gallery-link\" data-rl_caption=\"\" data-rel=\"lightbox-gallery-1\"><img width=\"350\" height=\"250\" src=\"https:\/\/www.ranchorioebro.cz\/wp-content\/uploads\/2019\/10\/AP_2_-_4-350x250.jpg\" class=\"attachment-thumbnail size-thumbnail\" alt=\"\" loading=\"lazy\" \/><\/a>\n\t\t\t<\/dt>\n<\/dl>\n<p><br style=\"clear: both\" \/><\/p>\n<dl class='gallery-item'>\n<dt class='gallery-icon landscape'>\n\t\t\t\t<a href='https:\/\/www.ranchorioebro.cz\/wp-content\/uploads\/2019\/10\/AP_2_-_5.jpg' title=\"\" data-rl_title=\"\" class=\"rl-gallery-link\" data-rl_caption=\"\" data-rel=\"lightbox-gallery-1\"><img width=\"350\" height=\"250\" src=\"https:\/\/www.ranchorioebro.cz\/wp-content\/uploads\/2019\/10\/AP_2_-_5-350x250.jpg\" class=\"attachment-thumbnail size-thumbnail\" alt=\"\" loading=\"lazy\" \/><\/a>\n\t\t\t<\/dt>\n<\/dl>\n<dl class='gallery-item'>\n<dt class='gallery-icon landscape'>\n\t\t\t\t<a href='https:\/\/www.ranchorioebro.cz\/wp-content\/uploads\/2019\/10\/AP_2_-_6.jpg' title=\"\" data-rl_title=\"\" class=\"rl-gallery-link\" data-rl_caption=\"\" data-rel=\"lightbox-gallery-1\"><img width=\"350\" height=\"250\" src=\"https:\/\/www.ranchorioebro.cz\/wp-content\/uploads\/2019\/10\/AP_2_-_6-350x250.jpg\" class=\"attachment-thumbnail size-thumbnail\" alt=\"\" loading=\"lazy\" \/><\/a>\n\t\t\t<\/dt>\n<\/dl>\n<dl class='gallery-item'>\n<dt class='gallery-icon landscape'>\n\t\t\t\t<a href='https:\/\/www.ranchorioebro.cz\/wp-content\/uploads\/2019\/10\/AP_2_-_7.jpg' title=\"\" data-rl_title=\"\" class=\"rl-gallery-link\" data-rl_caption=\"\" data-rel=\"lightbox-gallery-1\"><img width=\"350\" height=\"250\" src=\"https:\/\/www.ranchorioebro.cz\/wp-content\/uploads\/2019\/10\/AP_2_-_7-350x250.jpg\" class=\"attachment-thumbnail size-thumbnail\" alt=\"\" loading=\"lazy\" \/><\/a>\n\t\t\t<\/dt>\n<\/dl>\n<dl class='gallery-item'>\n<dt class='gallery-icon landscape'>\n\t\t\t\t<a href='https:\/\/www.ranchorioebro.cz\/wp-content\/uploads\/2019\/10\/AP_2_-_8.jpg' title=\"\" data-rl_title=\"\" class=\"rl-gallery-link\" data-rl_caption=\"\" data-rel=\"lightbox-gallery-1\"><img width=\"350\" height=\"250\" src=\"https:\/\/www.ranchorioebro.cz\/wp-content\/uploads\/2019\/10\/AP_2_-_8-350x250.jpg\" class=\"attachment-thumbnail size-thumbnail\" alt=\"\" loading=\"lazy\" \/><\/a>\n\t\t\t<\/dt>\n<\/dl>\n<p><br style=\"clear: both\" \/>\n\t\t<\/div>\n","protected":false},"excerpt":{"rendered":"<p>1 Dreibettzimmer 1 Doppelschlafzimmer Klimaanlage Wohnzimmer mit Seeblick Bad mit Dusche k\u00fchlschrank Gefrierschrank Kapazit\u00e4t: 5 (optimale Kapazit\u00e4t 4 Personen) Fotogalerie<\/p>\n","protected":false},"author":1,"featured_media":761,"parent":1220,"menu_order":20,"comment_status":"closed","ping_status":"closed","template":"template-detail-apartman.php","meta":[],"_links":{"self":[{"href":"https:\/\/www.ranchorioebro.cz\/de\/wp-json\/wp\/v2\/pages\/1336\/"}],"collection":[{"href":"https:\/\/www.ranchorioebro.cz\/de\/wp-json\/wp\/v2\/pages\/"}],"about":[{"href":"https:\/\/www.ranchorioebro.cz\/de\/wp-json\/wp\/v2\/types\/page\/"}],"author":[{"embeddable":true,"href":"https:\/\/www.ranchorioebro.cz\/de\/wp-json\/wp\/v2\/users\/1\/"}],"replies":[{"embeddable":true,"href":"https:\/\/www.ranchorioebro.cz\/de\/wp-json\/wp\/v2\/comments\/?post=1336"}],"version-history":[{"count":3,"href":"https:\/\/www.ranchorioebro.cz\/de\/wp-json\/wp\/v2\/pages\/1336\/revisions\/"}],"predecessor-version":[{"id":5495,"href":"https:\/\/www.ranchorioebro.cz\/de\/wp-json\/wp\/v2\/pages\/1336\/revisions\/5495\/"}],"up":[{"embeddable":true,"href":"https:\/\/www.ranchorioebro.cz\/de\/wp-json\/wp\/v2\/pages\/1220\/"}],"wp:featuredmedia":[{"embeddable":true,"href":"https:\/\/www.ranchorioebro.cz\/de\/wp-json\/wp\/v2\/media\/761\/"}],"wp:attachment":[{"href":"https:\/\/www.ranchorioebro.cz\/de\/wp-json\/wp\/v2\/media\/?parent=1336"}],"curies":[{"name":"wp","href":"https:\/\/api.w.org\/{rel}","templated":true}]}}