{"id":1328,"date":"2019-10-08T15:16:49","date_gmt":"2019-10-08T13:16:49","guid":{"rendered":"https:\/\/www.ranchorioebro.cz\/fischen-auf-ebru\/lov-sumcu-na-rece-rio-ebro\/"},"modified":"2020-01-08T13:08:34","modified_gmt":"2020-01-08T12:08:34","slug":"welsangeln-am-rio-ebro","status":"publish","type":"page","link":"https:\/\/www.ranchorioebro.cz\/de\/fischen-auf-ebro\/welsangeln-am-rio-ebro\/","title":{"rendered":"Welsfang am Fluss Ebro"},"content":{"rendered":"<p>Europa verf\u00fcgt nur \u00fcber wenige Orte, die dank dem Fang <strong>von Troph\u00e4en-Welsen<\/strong> so ber\u00fchmt sind, wie <strong>der Fluss Ebro in Spanien<\/strong>. Welse, die hier relativ \u00fcblich gefangen werden, erreichen die L\u00e4nge von 180 cm und das Gewicht von 50 kg.\u00a0 Falls Sie auf Rio Ebro mit der Vision ordentlichen <strong>Welsfangs<\/strong> kommen, rechnen Sie damit, dass Sie m\u00f6glicherweise auch das Bew\u00e4ltigen von einem Wels mit der L\u00e4nge von 2 m erleben, nur zur Info, der gr\u00f6\u00dfte dokumentierte <strong>Wels hatte hier das Gewicht von 112 kg<\/strong>. Falls Sie also <a href=\"https:\/\/www.ranchorioebro.cz\/\">das Angeln in Spanien<\/a> planen, statten Sie sich bestimmt mit ordnungsgem\u00e4\u00dfer <strong>Welsausstattung<\/strong> aus \u2013 falls Sie dar\u00fcber nicht verf\u00fcgen, zweifeln Sie nicht, wir verleihen sie Ihnen gerne an der Stelle.<\/p>\n<h2>A<span class=\"tlid-translation translation\" lang=\"de\"><span class=\"\" title=\"\">uf dem Fluss Ebro kann der Wels mit verschiedenen, aber auch weniger bekannten Methoden gefischt werden<\/span><\/span><\/h2>\n<p>D<span class=\"tlid-translation translation\" lang=\"de\"><span class=\"\" title=\"\">ie Wahl der Methode f\u00fcr das Welsfischen bleibt uns \u00fcberlassen, aber wenn Sie sich nicht sicher sind, helfen wir Ihnen nicht nur bei der Vorbereitung und Ausr\u00fcstung, sondern auch bei der Jagd.<\/span><\/span><\/p>\n<h2><strong><span class=\"tlid-translation translation\" lang=\"de\"><span class=\"\" title=\"\">Welsangeln auf Pellets<\/span><\/span><\/strong><\/h2>\n<p>D<span class=\"tlid-translation translation\" lang=\"de\">erzeit die am meisten genutzte und praktisch einfachste Art zu angeln. Gesetzes\u00e4nderungen machen es fast unm\u00f6glich, auf K\u00f6derfische zu fischen, und obwohl jeder sie f\u00e4ngt, sind Pellets eine \u00e4u\u00dferst beliebte Technik. Das Angelsystem ist dasselbe wie beim Karpfenangeln &#8211; au\u00dfer dass Sie gr\u00f6\u00dfere Haken, Blei und dickere Leinen verwenden. Bei dieser Fangmethode sind gro\u00dfe Karpfenf\u00e4nge weit verbreitet, und die 5 Pellets auf dem Rig sind kein Problem.<\/span><\/p>\n<p>Ausr\u00fcstung &#8211; Welsruten ca. 3m mit Wurfgewicht 300-500g, Bleigewicht 300-600g (abh\u00e4ngig von Entfernung und Leistung), Einzelhaken 3 \/ 0-5 \/ 0, Schn\u00fcre mit einer Kapazit\u00e4t von 60kg mehr. Es wird mit angezogener Bremse und senkrecht zur Welsgabel stehender Rute gefangen. Wenn Sie den Wels f\u00fcttern k\u00f6nnen &#8211; an manchen Orten wird dieser Fisch in riesigen Schw\u00e4rmen gehalten, und es ist kein Problem, mehrere Dutzend St\u00fccke pro Tag an Ihrem Platz zu fangen. Die Pelletsjagd hat ihre Besonderheiten und funktioniert an einigen Stellen der D\u00e4mme &#8211; der Fl\u00fcsse Ebro (Chiprana), Segre, Cinca und Matara\u0148a bis zu einer Tiefe von 15 m bei Wassertemperaturen von 20 \u00b0 C.<\/p>\n<style type=\"text\/css\">\n\t\t\t#gallery-1 {\n\t\t\t\tmargin: auto;\n\t\t\t}\n\t\t\t#gallery-1 .gallery-item {\n\t\t\t\tfloat: left;\n\t\t\t\tmargin-top: 10px;\n\t\t\t\ttext-align: center;\n\t\t\t\twidth: 33%;\n\t\t\t}\n\t\t\t#gallery-1 img {\n\t\t\t\tborder: 2px solid #cfcfcf;\n\t\t\t}\n\t\t\t#gallery-1 .gallery-caption {\n\t\t\t\tmargin-left: 0;\n\t\t\t}\n\t\t\t\/* see gallery_shortcode() in wp-includes\/media.php *\/\n\t\t<\/style>\n<div id='gallery-1' class='gallery galleryid-1328 gallery-columns-3 gallery-size-thumbnail'>\n<dl class='gallery-item'>\n<dt class='gallery-icon landscape'>\n\t\t\t\t<a href='https:\/\/www.ranchorioebro.cz\/wp-content\/uploads\/2019\/10\/40011398_1969232476470332_7989565186983854080_n.jpg' title=\"\" data-rl_title=\"\" class=\"rl-gallery-link\" data-rl_caption=\"\" data-rel=\"lightbox-gallery-1\"><img width=\"350\" height=\"250\" src=\"https:\/\/www.ranchorioebro.cz\/wp-content\/uploads\/2019\/10\/40011398_1969232476470332_7989565186983854080_n-350x250.jpg\" class=\"attachment-thumbnail size-thumbnail\" alt=\"\" loading=\"lazy\" \/><\/a>\n\t\t\t<\/dt>\n<\/dl>\n<dl class='gallery-item'>\n<dt class='gallery-icon landscape'>\n\t\t\t\t<a href='https:\/\/www.ranchorioebro.cz\/wp-content\/uploads\/2019\/10\/P7090289.jpg' title=\"\" data-rl_title=\"\" class=\"rl-gallery-link\" data-rl_caption=\"\" data-rel=\"lightbox-gallery-1\"><img width=\"350\" height=\"250\" src=\"https:\/\/www.ranchorioebro.cz\/wp-content\/uploads\/2019\/10\/P7090289-350x250.jpg\" class=\"attachment-thumbnail size-thumbnail\" alt=\"\" loading=\"lazy\" \/><\/a>\n\t\t\t<\/dt>\n<\/dl>\n<dl class='gallery-item'>\n<dt class='gallery-icon landscape'>\n\t\t\t\t<a href='https:\/\/www.ranchorioebro.cz\/wp-content\/uploads\/2019\/10\/39406797_1667922476685689_550512453981569024_n.jpg' title=\"\" data-rl_title=\"\" class=\"rl-gallery-link\" data-rl_caption=\"\" data-rel=\"lightbox-gallery-1\"><img width=\"350\" height=\"250\" src=\"https:\/\/www.ranchorioebro.cz\/wp-content\/uploads\/2019\/10\/39406797_1667922476685689_550512453981569024_n-350x250.jpg\" class=\"attachment-thumbnail size-thumbnail\" alt=\"\" loading=\"lazy\" \/><\/a>\n\t\t\t<\/dt>\n<\/dl>\n<p><br style=\"clear: both\" \/>\n\t\t<\/div>\n<h2><strong><span class=\"tlid-translation translation\" lang=\"de\"><span class=\"\" title=\"\">Welsfischen auf dem Kopf des Zanders<\/span><\/span><\/strong><\/h2>\n<p><span class=\"tlid-translation translation\" lang=\"de\"><span class=\"\" title=\"\">Angesichts des Verbots der Verwendung von lebendem und totem Fisch ist die Fangmethode jedoch unglaublich effektiv &#8211; der gr\u00f6\u00dfte Vorteil ist, dass der Fang von Pellets bis zur Pelletwassertemperatur das ganze Jahr \u00fcber funktioniert !!<\/span><\/span><\/p>\n<p><span class=\"\" title=\"\">Die Ausr\u00fcstung ist die gleiche wie bei der Pelletsjagd, jedoch werden anstelle eines einzelnen Haken 2 Drillinge verwendet.<\/span> <span class=\"\" title=\"\">Das Zanderfischen ist eine spanische Spezialit\u00e4t wie Pellets &#8211; es ist anderswo fast wirkungslos -, weil der Zander, der wirklich fangfressend ist, direkt vom Wasser gefiltert wird und diese R\u00fcckst\u00e4nde viele Jahre im Seewasser landen.<\/span> <span class=\"\" title=\"\">Sie haben sich seit Jahren an die einfache Versorgung mit hochwertigen Lebensmitteln gew\u00f6hnt und suchen diesen K\u00f6der ausdr\u00fccklich.<\/span><\/p>\n<p><span class=\"\" title=\"\">Im Gegensatz zu Pellets funktioniert die Kopfjagd \u00fcberall, unabh\u00e4ngig von Tiefe oder Temperatur.<\/span> <span class=\"\" title=\"\">Kann im Sommer und Winter in einer Tiefe von 5, aber auch 35 m gefangen werden.<\/span><\/p>\n<h2><strong><span class=\"tlid-translation translation\" lang=\"de\"><span class=\"alt-edited\" title=\"\">Zu locken Wels<\/span><\/span><\/strong><\/h2>\n<p>A<span class=\"tlid-translation translation\" lang=\"de\"><span title=\"\">ngeln vom Boot aus mit Echolot- und Welsk\u00f6der.<\/span> <span title=\"\">Es werden k\u00fcrzere Stangen von 2,1 bis 2,4 m mit einer Last von 200 bis 400 g verwendet.<\/span> <span title=\"\">Als K\u00f6der werden h\u00e4ufig verbotene Fische oder W\u00fcrmer verwendet.<\/span> <span class=\"\" title=\"\">Weil sie morgens und abends angezogen werden, wenn die Wahrscheinlichkeit von Kontrollen gering ist, werden h\u00e4ufig Fische verwendet.<\/span><\/span><\/p>\n<style type=\"text\/css\">\n\t\t\t#gallery-2 {\n\t\t\t\tmargin: auto;\n\t\t\t}\n\t\t\t#gallery-2 .gallery-item {\n\t\t\t\tfloat: left;\n\t\t\t\tmargin-top: 10px;\n\t\t\t\ttext-align: center;\n\t\t\t\twidth: 20%;\n\t\t\t}\n\t\t\t#gallery-2 img {\n\t\t\t\tborder: 2px solid #cfcfcf;\n\t\t\t}\n\t\t\t#gallery-2 .gallery-caption {\n\t\t\t\tmargin-left: 0;\n\t\t\t}\n\t\t\t\/* see gallery_shortcode() in wp-includes\/media.php *\/\n\t\t<\/style>\n<div id='gallery-2' class='gallery galleryid-1328 gallery-columns-5 gallery-size-thumbnail'>\n<dl class='gallery-item'>\n<dt class='gallery-icon landscape'>\n\t\t\t\t<a href='https:\/\/www.ranchorioebro.cz\/wp-content\/uploads\/2019\/10\/1_vabnicka-cs-2ks.jpg' title=\"\" data-rl_title=\"\" class=\"rl-gallery-link\" data-rl_caption=\"\" data-rel=\"lightbox-gallery-2\"><img width=\"150\" height=\"85\" src=\"https:\/\/www.ranchorioebro.cz\/wp-content\/uploads\/2019\/10\/1_vabnicka-cs-2ks.jpg\" class=\"attachment-thumbnail size-thumbnail\" alt=\"\" loading=\"lazy\" srcset=\"https:\/\/www.ranchorioebro.cz\/wp-content\/uploads\/2019\/10\/1_vabnicka-cs-2ks.jpg 150w, https:\/\/www.ranchorioebro.cz\/wp-content\/uploads\/2019\/10\/1_vabnicka-cs-2ks-130x74.jpg 130w\" sizes=\"(max-width: 150px) 100vw, 150px\" \/><\/a>\n\t\t\t<\/dt>\n<\/dl>\n<dl class='gallery-item'>\n<dt class='gallery-icon landscape'>\n\t\t\t\t<a href='https:\/\/www.ranchorioebro.cz\/wp-content\/uploads\/2019\/10\/1_vabnicka-cs-3ks.jpg' title=\"\" data-rl_title=\"\" class=\"rl-gallery-link\" data-rl_caption=\"\" data-rel=\"lightbox-gallery-2\"><img width=\"150\" height=\"100\" src=\"https:\/\/www.ranchorioebro.cz\/wp-content\/uploads\/2019\/10\/1_vabnicka-cs-3ks.jpg\" class=\"attachment-thumbnail size-thumbnail\" alt=\"\" loading=\"lazy\" srcset=\"https:\/\/www.ranchorioebro.cz\/wp-content\/uploads\/2019\/10\/1_vabnicka-cs-3ks.jpg 150w, https:\/\/www.ranchorioebro.cz\/wp-content\/uploads\/2019\/10\/1_vabnicka-cs-3ks-120x80.jpg 120w\" sizes=\"(max-width: 150px) 100vw, 150px\" \/><\/a>\n\t\t\t<\/dt>\n<\/dl>\n<dl class='gallery-item'>\n<dt class='gallery-icon landscape'>\n\t\t\t\t<a href='https:\/\/www.ranchorioebro.cz\/wp-content\/uploads\/2019\/10\/1_vabnicky-spro.jpg' title=\"\" data-rl_title=\"\" class=\"rl-gallery-link\" data-rl_caption=\"\" data-rel=\"lightbox-gallery-2\"><img width=\"150\" height=\"134\" src=\"https:\/\/www.ranchorioebro.cz\/wp-content\/uploads\/2019\/10\/1_vabnicky-spro.jpg\" class=\"attachment-thumbnail size-thumbnail\" alt=\"\" loading=\"lazy\" srcset=\"https:\/\/www.ranchorioebro.cz\/wp-content\/uploads\/2019\/10\/1_vabnicky-spro.jpg 150w, https:\/\/www.ranchorioebro.cz\/wp-content\/uploads\/2019\/10\/1_vabnicky-spro-90x80.jpg 90w\" sizes=\"(max-width: 150px) 100vw, 150px\" \/><\/a>\n\t\t\t<\/dt>\n<\/dl>\n<p>\t\t\t<br style='clear: both' \/>\n\t\t<\/div>\n<h2><strong><span class=\"tlid-translation translation\" lang=\"de\"><span class=\"\" title=\"\">Welsfischen f\u00fcr Boje<\/span><\/span><\/strong><\/h2>\n<p>I<span class=\"tlid-translation translation\" lang=\"de\"><span title=\"\">n einigen Teilen eine genehmigte und verbotene Fangmethode (Oberdamm).<\/span> <span class=\"\" title=\"\">Wir verwenden Stangen von 2,4 &#8211; 3,3 m mit einem Wurfgewicht von 200 &#8211; 500 g, Schn\u00fcre mit einer Tragf\u00e4higkeit von 60 kg und mehr und klassische Rollen oder Multiplikatoren.<\/span> <span class=\"\" title=\"\">Die Rute wird in den Welsst\u00e4nder \/ die Welsgabel gesteckt &#8211; sie beendet und befestigt die Klingelglocke oder den Signalgeber.<\/span> <span class=\"\" title=\"\">Wo es erlaubt ist, k\u00f6nnen Bojen 25 m vom Ufer entfernt sein, so dass k\u00fcrzere Stangen verwendet werden k\u00f6nnen.<\/span><\/span><\/p>\n<style type=\"text\/css\">\n\t\t\t#gallery-3 {\n\t\t\t\tmargin: auto;\n\t\t\t}\n\t\t\t#gallery-3 .gallery-item {\n\t\t\t\tfloat: left;\n\t\t\t\tmargin-top: 10px;\n\t\t\t\ttext-align: center;\n\t\t\t\twidth: 20%;\n\t\t\t}\n\t\t\t#gallery-3 img {\n\t\t\t\tborder: 2px solid #cfcfcf;\n\t\t\t}\n\t\t\t#gallery-3 .gallery-caption {\n\t\t\t\tmargin-left: 0;\n\t\t\t}\n\t\t\t\/* see gallery_shortcode() in wp-includes\/media.php *\/\n\t\t<\/style>\n<div id='gallery-3' class='gallery galleryid-1328 gallery-columns-5 gallery-size-thumbnail'>\n<dl class='gallery-item'>\n<dt class='gallery-icon landscape'>\n\t\t\t\t<a href='https:\/\/www.ranchorioebro.cz\/wp-content\/uploads\/2019\/10\/1_fin-nor-sportfisher-trolling-slc-30.jpg' title=\"\" data-rl_title=\"\" class=\"rl-gallery-link\" data-rl_caption=\"\" data-rel=\"lightbox-gallery-3\"><img width=\"150\" height=\"141\" src=\"https:\/\/www.ranchorioebro.cz\/wp-content\/uploads\/2019\/10\/1_fin-nor-sportfisher-trolling-slc-30.jpg\" class=\"attachment-thumbnail size-thumbnail\" alt=\"\" loading=\"lazy\" srcset=\"https:\/\/www.ranchorioebro.cz\/wp-content\/uploads\/2019\/10\/1_fin-nor-sportfisher-trolling-slc-30.jpg 150w, https:\/\/www.ranchorioebro.cz\/wp-content\/uploads\/2019\/10\/1_fin-nor-sportfisher-trolling-slc-30-85x80.jpg 85w\" sizes=\"(max-width: 150px) 100vw, 150px\" \/><\/a>\n\t\t\t<\/dt>\n<\/dl>\n<dl class='gallery-item'>\n<dt class='gallery-icon landscape'>\n\t\t\t\t<a href='https:\/\/www.ranchorioebro.cz\/wp-content\/uploads\/2019\/10\/1_jd-300.jpg' title=\"\" data-rl_title=\"\" class=\"rl-gallery-link\" data-rl_caption=\"\" data-rel=\"lightbox-gallery-3\"><img width=\"150\" height=\"148\" src=\"https:\/\/www.ranchorioebro.cz\/wp-content\/uploads\/2019\/10\/1_jd-300.jpg\" class=\"attachment-thumbnail size-thumbnail\" alt=\"\" loading=\"lazy\" srcset=\"https:\/\/www.ranchorioebro.cz\/wp-content\/uploads\/2019\/10\/1_jd-300.jpg 150w, https:\/\/www.ranchorioebro.cz\/wp-content\/uploads\/2019\/10\/1_jd-300-81x80.jpg 81w\" sizes=\"(max-width: 150px) 100vw, 150px\" \/><\/a>\n\t\t\t<\/dt>\n<\/dl>\n<dl class='gallery-item'>\n<dt class='gallery-icon portrait'>\n\t\t\t\t<a href='https:\/\/www.ranchorioebro.cz\/wp-content\/uploads\/2019\/10\/1_sportfisher-ld-lw.jpg' title=\"\" data-rl_title=\"\" class=\"rl-gallery-link\" data-rl_caption=\"\" data-rel=\"lightbox-gallery-3\"><img width=\"120\" height=\"150\" src=\"https:\/\/www.ranchorioebro.cz\/wp-content\/uploads\/2019\/10\/1_sportfisher-ld-lw.jpg\" class=\"attachment-thumbnail size-thumbnail\" alt=\"\" loading=\"lazy\" srcset=\"https:\/\/www.ranchorioebro.cz\/wp-content\/uploads\/2019\/10\/1_sportfisher-ld-lw.jpg 120w, https:\/\/www.ranchorioebro.cz\/wp-content\/uploads\/2019\/10\/1_sportfisher-ld-lw-64x80.jpg 64w\" sizes=\"(max-width: 120px) 100vw, 120px\" \/><\/a>\n\t\t\t<\/dt>\n<\/dl>\n<p>\t\t\t<br style='clear: both' \/>\n\t\t<\/div>\n","protected":false},"excerpt":{"rendered":"<p>Europa verf\u00fcgt nur \u00fcber wenige Orte, die dank dem Fang von Troph\u00e4en-Welsen so ber\u00fchmt sind, wie der Fluss Ebro in Spanien. Welse, die hier relativ \u00fcblich gefangen werden, erreichen die L\u00e4nge von 180 cm und das Gewicht von 50 kg.\u00a0 Falls Sie auf Rio Ebro mit der Vision ordentlichen Welsfangs kommen, rechnen Sie damit, dass&#8230;<\/p>\n","protected":false},"author":1,"featured_media":0,"parent":1216,"menu_order":0,"comment_status":"closed","ping_status":"closed","template":"","meta":[],"_links":{"self":[{"href":"https:\/\/www.ranchorioebro.cz\/de\/wp-json\/wp\/v2\/pages\/1328\/"}],"collection":[{"href":"https:\/\/www.ranchorioebro.cz\/de\/wp-json\/wp\/v2\/pages\/"}],"about":[{"href":"https:\/\/www.ranchorioebro.cz\/de\/wp-json\/wp\/v2\/types\/page\/"}],"author":[{"embeddable":true,"href":"https:\/\/www.ranchorioebro.cz\/de\/wp-json\/wp\/v2\/users\/1\/"}],"replies":[{"embeddable":true,"href":"https:\/\/www.ranchorioebro.cz\/de\/wp-json\/wp\/v2\/comments\/?post=1328"}],"version-history":[{"count":4,"href":"https:\/\/www.ranchorioebro.cz\/de\/wp-json\/wp\/v2\/pages\/1328\/revisions\/"}],"predecessor-version":[{"id":1494,"href":"https:\/\/www.ranchorioebro.cz\/de\/wp-json\/wp\/v2\/pages\/1328\/revisions\/1494\/"}],"up":[{"embeddable":true,"href":"https:\/\/www.ranchorioebro.cz\/de\/wp-json\/wp\/v2\/pages\/1216\/"}],"wp:attachment":[{"href":"https:\/\/www.ranchorioebro.cz\/de\/wp-json\/wp\/v2\/media\/?parent=1328"}],"curies":[{"name":"wp","href":"https:\/\/api.w.org\/{rel}","templated":true}]}}