{"id":1327,"date":"2019-10-08T15:31:03","date_gmt":"2019-10-08T13:31:03","guid":{"rendered":"https:\/\/www.ranchorioebro.cz\/fischen-auf-ebru\/kapri-a-jejich-lov-na-rio-ebro\/"},"modified":"2019-11-22T10:04:32","modified_gmt":"2019-11-22T09:04:32","slug":"karpfen-und-ihr-fischen-auf-rio-ebro","status":"publish","type":"page","link":"https:\/\/www.ranchorioebro.cz\/de\/fischen-auf-ebro\/karpfen-und-ihr-fischen-auf-rio-ebro\/","title":{"rendered":"Karpfen und ihr Fischen auf RIO EBRO"},"content":{"rendered":"<p>D<span class=\"tlid-translation translation\" lang=\"de\"><span title=\"\">er Ebro ist besonders f\u00fcr das Welsangeln bekannt.<\/span> <span title=\"\">Es ist jedoch auch f\u00fcr die Jagd auf Zander und Karpfen bekannt.<\/span> <span title=\"\">Die unglaubliche Menge an Karpfen, die die Gew\u00e4sser dieser spanischen D\u00e4mme durchstreifen, lockt Fischer aus aller Welt zu den D\u00e4mmen Riba Roja und Mequinenza.<\/span> <span title=\"\">Fische sind in der Regel l\u00e4nger als 1 m und wiegen mehr als 20 kg.<\/span> <span title=\"\">Monster \u00fcber 30 kg werden jedes Jahr in mehreren F\u00e4llen gemeldet.<\/span> <span title=\"\">Sie werden von klassischen Karpfenbaugruppen und -ger\u00e4ten gefangen. Die Basis ist das F\u00fcttern der Karpfen. Wenn Sie mindestens 10 kg pro Tag f\u00fcttern, k\u00f6nnen Sie die magische Grenze von 20 kg \u00fcberschreiten.<\/span> <span class=\"\" title=\"\">Es mag \u00fcbertrieben erscheinen, aber die Karpfenmenge von 6 bis 15 kg ist so hoch, dass sie praktisch alles fressen.<\/span> <span class=\"\" title=\"\">Am h\u00e4ufigsten werden die \u00fcblichen Heilbutt-Pellets verwendet &#8211; nicht mitbringen &#8211; sofort kaufen &#8211; Mais und Hundefutter frolig.<\/span> <span title=\"\">Boilie ist praktisch unwirksam.<\/span><\/span><\/p>\n<h2><strong><span class=\"tlid-translation translation\" lang=\"de\"><span class=\"\" title=\"\">Karpfenangeln Ausr\u00fcstung<\/span><\/span><\/strong><\/h2>\n<p>I<span class=\"tlid-translation translation\" lang=\"de\"><span class=\"\" title=\"\">deal sind klassische Karpfenruten von 3,6-3,9 m mit einem Fl\u00e4chengewicht von 2,75-3,5 lb, einer Schnur von mindestens 0,30 mm und einem optimalen Durchmesser von 0,35 mm. Wenn Sie ein U-Boot mit einer Schwanzflosse von 30 cm Breite b\u00fcgeln, werden Sie verstehen, dass es nicht \u00fcbertrieben ist<\/span> <span title=\"\">.<\/span> <span class=\"\" title=\"\">Angesichts der unglaublichen Menge an Zebramuscheln ist es eine gute Idee, einen Schocker mit einem haltbareren Material oder einem Bleikern zu verwenden &#8211; andernfalls verlieren Sie mehr als die H\u00e4lfte des Fisches.<\/span> <span class=\"\" title=\"\">Notwendiges Zubeh\u00f6r ist nat\u00fcrlich ein Karpfennetz mit mindestens einem Meter Ausleger.<\/span><\/p>\n<p><span class=\"\" title=\"\">Ideal ist Nachtangeln in den Sommermonaten, wenn die Karpfen buchst\u00e4blich beim Werfen fressen, in den Wintermonaten am Ende und zu Beginn des Jahres weniger, aber alle gr\u00f6\u00dferen Fische fangen.<\/span><\/p>\n<p><span class=\"\" title=\"\">Erleben Sie das Fischen auf Ebru hautnah &#8211; kommen Sie zu uns und verbringen Sie einen unvergesslichen Urlaub.<\/span><\/span><\/p>\n","protected":false},"excerpt":{"rendered":"<p>Der Ebro ist besonders f\u00fcr das Welsangeln bekannt. Es ist jedoch auch f\u00fcr die Jagd auf Zander und Karpfen bekannt. Die unglaubliche Menge an Karpfen, die die Gew\u00e4sser dieser spanischen D\u00e4mme durchstreifen, lockt Fischer aus aller Welt zu den D\u00e4mmen Riba Roja und Mequinenza. Fische sind in der Regel l\u00e4nger als 1 m und wiegen&#8230;<\/p>\n","protected":false},"author":1,"featured_media":0,"parent":1216,"menu_order":0,"comment_status":"closed","ping_status":"closed","template":"","meta":[],"_links":{"self":[{"href":"https:\/\/www.ranchorioebro.cz\/de\/wp-json\/wp\/v2\/pages\/1327\/"}],"collection":[{"href":"https:\/\/www.ranchorioebro.cz\/de\/wp-json\/wp\/v2\/pages\/"}],"about":[{"href":"https:\/\/www.ranchorioebro.cz\/de\/wp-json\/wp\/v2\/types\/page\/"}],"author":[{"embeddable":true,"href":"https:\/\/www.ranchorioebro.cz\/de\/wp-json\/wp\/v2\/users\/1\/"}],"replies":[{"embeddable":true,"href":"https:\/\/www.ranchorioebro.cz\/de\/wp-json\/wp\/v2\/comments\/?post=1327"}],"version-history":[{"count":2,"href":"https:\/\/www.ranchorioebro.cz\/de\/wp-json\/wp\/v2\/pages\/1327\/revisions\/"}],"predecessor-version":[{"id":1331,"href":"https:\/\/www.ranchorioebro.cz\/de\/wp-json\/wp\/v2\/pages\/1327\/revisions\/1331\/"}],"up":[{"embeddable":true,"href":"https:\/\/www.ranchorioebro.cz\/de\/wp-json\/wp\/v2\/pages\/1216\/"}],"wp:attachment":[{"href":"https:\/\/www.ranchorioebro.cz\/de\/wp-json\/wp\/v2\/media\/?parent=1327"}],"curies":[{"name":"wp","href":"https:\/\/api.w.org\/{rel}","templated":true}]}}