{"id":1321,"date":"2019-10-08T15:35:08","date_gmt":"2019-10-08T13:35:08","guid":{"rendered":"https:\/\/www.ranchorioebro.cz\/fischen-auf-ebru\/blackbass-a-jejich-lov-na-rio-ebro\/"},"modified":"2019-11-22T09:54:23","modified_gmt":"2019-11-22T08:54:23","slug":"blackbass-und-ihre-jagd-auf-rio-ebro","status":"publish","type":"page","link":"https:\/\/www.ranchorioebro.cz\/de\/fischen-auf-ebro\/blackbass-und-ihre-jagd-auf-rio-ebro\/","title":{"rendered":"Blackbass und ihre Jagd auf RIO EBRO"},"content":{"rendered":"<p><strong>S<span class=\"tlid-translation translation\" lang=\"de\"><span title=\"\">chwarzbarsch<\/span><\/span><\/strong><span class=\"tlid-translation translation\" lang=\"de\"><span title=\"\"> wuchs hier nicht zu der Gr\u00f6\u00dfe, die aus amerikanischen Wettbewerben bekannt war, aber bei einem Gewicht von ca. 3 kg und einer L\u00e4nge von 60 cm ist ein Duell mit ihm ein unvergessliches Erlebnis &#8211; dank der ganzj\u00e4hrigen Verteidigung seiner Bev\u00f6lkerung im Mitteldamm wirklich zahlreich.<\/span><\/span><span class=\"tlid-translation translation\" lang=\"de\"> <span class=\"\" title=\"\">Es erreicht seine h\u00f6chste Aktivit\u00e4t in den hei\u00dfesten Monaten von 5 bis 9 und ist eine gro\u00dfartige Erg\u00e4nzung zum Angeln auf Wels und Karpfen, die nur \u00fcber Nacht bei hohen Temperaturen essen.<\/span><\/span><\/p>\n<style type=\"text\/css\">\n\t\t\t#gallery-1 {\n\t\t\t\tmargin: auto;\n\t\t\t}\n\t\t\t#gallery-1 .gallery-item {\n\t\t\t\tfloat: left;\n\t\t\t\tmargin-top: 10px;\n\t\t\t\ttext-align: center;\n\t\t\t\twidth: 20%;\n\t\t\t}\n\t\t\t#gallery-1 img {\n\t\t\t\tborder: 2px solid #cfcfcf;\n\t\t\t}\n\t\t\t#gallery-1 .gallery-caption {\n\t\t\t\tmargin-left: 0;\n\t\t\t}\n\t\t\t\/* see gallery_shortcode() in wp-includes\/media.php *\/\n\t\t<\/style>\n<div id='gallery-1' class='gallery galleryid-1321 gallery-columns-5 gallery-size-thumbnail'>\n<dl class='gallery-item'>\n<dt class='gallery-icon portrait'>\n\t\t\t\t<a href='https:\/\/www.ranchorioebro.cz\/wp-content\/uploads\/2019\/10\/IMG_20180627_123913-kopie.jpg' title=\"\" data-rl_title=\"\" class=\"rl-gallery-link\" data-rl_caption=\"\" data-rel=\"lightbox-gallery-1\"><img width=\"350\" height=\"250\" src=\"https:\/\/www.ranchorioebro.cz\/wp-content\/uploads\/2019\/10\/IMG_20180627_123913-kopie-350x250.jpg\" class=\"attachment-thumbnail size-thumbnail\" alt=\"\" loading=\"lazy\" \/><\/a>\n\t\t\t<\/dt>\n<\/dl>\n<dl class='gallery-item'>\n<dt class='gallery-icon landscape'>\n\t\t\t\t<a href='https:\/\/www.ranchorioebro.cz\/wp-content\/uploads\/2019\/10\/PHOTO-2019-06-08-19-03-08.jpg' title=\"\" data-rl_title=\"\" class=\"rl-gallery-link\" data-rl_caption=\"\" data-rel=\"lightbox-gallery-1\"><img width=\"350\" height=\"250\" src=\"https:\/\/www.ranchorioebro.cz\/wp-content\/uploads\/2019\/10\/PHOTO-2019-06-08-19-03-08-350x250.jpg\" class=\"attachment-thumbnail size-thumbnail\" alt=\"\" loading=\"lazy\" \/><\/a>\n\t\t\t<\/dt>\n<\/dl>\n<dl class='gallery-item'>\n<dt class='gallery-icon landscape'>\n\t\t\t\t<a href='https:\/\/www.ranchorioebro.cz\/wp-content\/uploads\/2019\/10\/IMG_2617.jpg' title=\"\" data-rl_title=\"\" class=\"rl-gallery-link\" data-rl_caption=\"\" data-rel=\"lightbox-gallery-1\"><img width=\"350\" height=\"250\" src=\"https:\/\/www.ranchorioebro.cz\/wp-content\/uploads\/2019\/10\/IMG_2617-350x250.jpg\" class=\"attachment-thumbnail size-thumbnail\" alt=\"\" loading=\"lazy\" \/><\/a>\n\t\t\t<\/dt>\n<\/dl>\n<dl class='gallery-item'>\n<dt class='gallery-icon landscape'>\n\t\t\t\t<a href='https:\/\/www.ranchorioebro.cz\/wp-content\/uploads\/2019\/10\/39014817_1927808644186259_6827107308791660544_n.jpg' title=\"\" data-rl_title=\"\" class=\"rl-gallery-link\" data-rl_caption=\"\" data-rel=\"lightbox-gallery-1\"><img width=\"350\" height=\"250\" src=\"https:\/\/www.ranchorioebro.cz\/wp-content\/uploads\/2019\/10\/39014817_1927808644186259_6827107308791660544_n-350x250.jpg\" class=\"attachment-thumbnail size-thumbnail\" alt=\"\" loading=\"lazy\" \/><\/a>\n\t\t\t<\/dt>\n<\/dl>\n<dl class='gallery-item'>\n<dt class='gallery-icon landscape'>\n\t\t\t\t<a href='https:\/\/www.ranchorioebro.cz\/wp-content\/uploads\/2019\/10\/20190329_143203.jpg' title=\"\" data-rl_title=\"\" class=\"rl-gallery-link\" data-rl_caption=\"\" data-rel=\"lightbox-gallery-1\"><img width=\"350\" height=\"250\" src=\"https:\/\/www.ranchorioebro.cz\/wp-content\/uploads\/2019\/10\/20190329_143203-350x250.jpg\" class=\"attachment-thumbnail size-thumbnail\" alt=\"\" loading=\"lazy\" \/><\/a>\n\t\t\t<\/dt>\n<\/dl>\n<p><br style=\"clear: both\" \/>\n\t\t<\/div>\n","protected":false},"excerpt":{"rendered":"<p>Schwarzbarsch wuchs hier nicht zu der Gr\u00f6\u00dfe, die aus amerikanischen Wettbewerben bekannt war, aber bei einem Gewicht von ca. 3 kg und einer L\u00e4nge von 60 cm ist ein Duell mit ihm ein unvergessliches Erlebnis &#8211; dank der ganzj\u00e4hrigen Verteidigung seiner Bev\u00f6lkerung im Mitteldamm wirklich zahlreich. Es erreicht seine h\u00f6chste Aktivit\u00e4t in den hei\u00dfesten Monaten&#8230;<\/p>\n","protected":false},"author":1,"featured_media":0,"parent":1216,"menu_order":0,"comment_status":"closed","ping_status":"closed","template":"","meta":[],"_links":{"self":[{"href":"https:\/\/www.ranchorioebro.cz\/de\/wp-json\/wp\/v2\/pages\/1321\/"}],"collection":[{"href":"https:\/\/www.ranchorioebro.cz\/de\/wp-json\/wp\/v2\/pages\/"}],"about":[{"href":"https:\/\/www.ranchorioebro.cz\/de\/wp-json\/wp\/v2\/types\/page\/"}],"author":[{"embeddable":true,"href":"https:\/\/www.ranchorioebro.cz\/de\/wp-json\/wp\/v2\/users\/1\/"}],"replies":[{"embeddable":true,"href":"https:\/\/www.ranchorioebro.cz\/de\/wp-json\/wp\/v2\/comments\/?post=1321"}],"version-history":[{"count":1,"href":"https:\/\/www.ranchorioebro.cz\/de\/wp-json\/wp\/v2\/pages\/1321\/revisions\/"}],"predecessor-version":[{"id":1324,"href":"https:\/\/www.ranchorioebro.cz\/de\/wp-json\/wp\/v2\/pages\/1321\/revisions\/1324\/"}],"up":[{"embeddable":true,"href":"https:\/\/www.ranchorioebro.cz\/de\/wp-json\/wp\/v2\/pages\/1216\/"}],"wp:attachment":[{"href":"https:\/\/www.ranchorioebro.cz\/de\/wp-json\/wp\/v2\/media\/?parent=1321"}],"curies":[{"name":"wp","href":"https:\/\/api.w.org\/{rel}","templated":true}]}}