{"id":1309,"date":"2019-10-14T12:52:26","date_gmt":"2019-10-14T10:52:26","guid":{"rendered":"https:\/\/www.ranchorioebro.cz\/fotogalerie-2\/nas-areal-na-rio-ebro\/"},"modified":"2019-11-22T09:47:18","modified_gmt":"2019-11-22T08:47:18","slug":"unsere-raeumlichkeiten-bei-rio-ebro","status":"publish","type":"page","link":"https:\/\/www.ranchorioebro.cz\/de\/fotogalerie-2\/unsere-raeumlichkeiten-bei-rio-ebro\/","title":{"rendered":"Unsere R\u00e4umlichkeiten bei RIO EBRO"},"content":{"rendered":"<h2><span class=\"tlid-translation translation\" lang=\"de\"><span class=\"\" title=\"\">Rancho Rio Ebro &#8211; das ist unvergessliches Fischen in Spanien<\/span><\/span><\/h2>\n<p><strong>D<span class=\"tlid-translation translation\" lang=\"de\"><span class=\"\" title=\"\">as tschechische Camp Rancho Rio Ebro<\/span><\/span><\/strong><span class=\"tlid-translation translation\" lang=\"de\"><span class=\"\" title=\"\"> liegt ca. 8 km von der malerischen spanischen Stadt Mequinenza entfernt und ist dank seiner perfekten Lage ein ideales Basislager zum Angeln von Wels und anderen Fischen am Fluss Ebro.<\/span><\/span><span class=\"tlid-translation translation\" lang=\"de\"> <span class=\"\" title=\"\">Dank unserer Sorgfalt sind wir fast zum Synonym f\u00fcr das Angeln in Spanien geworden. Hunderte tschechische und ausl\u00e4ndische Fischer kommen jedes Jahr zu uns, um ihr Gl\u00fcck bei der Jagd auf Troph\u00e4enmonster an den Talsperren Riba Roja und Mequinenza zu versuchen.<\/span> <span class=\"\" title=\"\">Kommen Sie zu uns und verbringen Sie einen unvergesslichen Angelurlaub &#8211; werfen Sie einen Blick auf ausgew\u00e4hlte Fotos und sehen Sie, wie sch\u00f6n es bei uns ist.<\/span><\/span><\/p>\n<style type=\"text\/css\">\n\t\t\t#gallery-1 {\n\t\t\t\tmargin: auto;\n\t\t\t}\n\t\t\t#gallery-1 .gallery-item {\n\t\t\t\tfloat: left;\n\t\t\t\tmargin-top: 10px;\n\t\t\t\ttext-align: center;\n\t\t\t\twidth: 25%;\n\t\t\t}\n\t\t\t#gallery-1 img {\n\t\t\t\tborder: 2px solid #cfcfcf;\n\t\t\t}\n\t\t\t#gallery-1 .gallery-caption {\n\t\t\t\tmargin-left: 0;\n\t\t\t}\n\t\t\t\/* see gallery_shortcode() in wp-includes\/media.php *\/\n\t\t<\/style>\n<div id='gallery-1' class='gallery galleryid-1309 gallery-columns-4 gallery-size-thumbnail'>\n<dl class='gallery-item'>\n<dt class='gallery-icon landscape'>\n\t\t\t\t<a href='https:\/\/www.ranchorioebro.cz\/wp-content\/uploads\/2019\/10\/hospoda.jpg' title=\"\" data-rl_title=\"\" class=\"rl-gallery-link\" data-rl_caption=\"\" data-rel=\"lightbox-gallery-1\"><img width=\"350\" height=\"250\" src=\"https:\/\/www.ranchorioebro.cz\/wp-content\/uploads\/2019\/10\/hospoda-350x250.jpg\" class=\"attachment-thumbnail size-thumbnail\" alt=\"\" loading=\"lazy\" \/><\/a>\n\t\t\t<\/dt>\n<\/dl>\n<dl class='gallery-item'>\n<dt class='gallery-icon landscape'>\n\t\t\t\t<a href='https:\/\/www.ranchorioebro.cz\/wp-content\/uploads\/2019\/10\/hospoda1.jpg' title=\"\" data-rl_title=\"\" class=\"rl-gallery-link\" data-rl_caption=\"\" data-rel=\"lightbox-gallery-1\"><img width=\"350\" height=\"250\" src=\"https:\/\/www.ranchorioebro.cz\/wp-content\/uploads\/2019\/10\/hospoda1-350x250.jpg\" class=\"attachment-thumbnail size-thumbnail\" alt=\"\" loading=\"lazy\" \/><\/a>\n\t\t\t<\/dt>\n<\/dl>\n<dl class='gallery-item'>\n<dt class='gallery-icon landscape'>\n\t\t\t\t<a href='https:\/\/www.ranchorioebro.cz\/wp-content\/uploads\/2019\/10\/bazen2.jpg' title=\"\" data-rl_title=\"\" class=\"rl-gallery-link\" data-rl_caption=\"\" data-rel=\"lightbox-gallery-1\"><img width=\"350\" height=\"250\" src=\"https:\/\/www.ranchorioebro.cz\/wp-content\/uploads\/2019\/10\/bazen2-350x250.jpg\" class=\"attachment-thumbnail size-thumbnail\" alt=\"\" loading=\"lazy\" \/><\/a>\n\t\t\t<\/dt>\n<\/dl>\n<dl class='gallery-item'>\n<dt class='gallery-icon landscape'>\n\t\t\t\t<a href='https:\/\/www.ranchorioebro.cz\/wp-content\/uploads\/2019\/10\/Ap-1-3-88-1.jpg' title=\"\" data-rl_title=\"\" class=\"rl-gallery-link\" data-rl_caption=\"\" data-rel=\"lightbox-gallery-1\"><img width=\"350\" height=\"250\" src=\"https:\/\/www.ranchorioebro.cz\/wp-content\/uploads\/2019\/10\/Ap-1-3-88-1-350x250.jpg\" class=\"attachment-thumbnail size-thumbnail\" alt=\"\" loading=\"lazy\" \/><\/a>\n\t\t\t<\/dt>\n<\/dl>\n<p><br style=\"clear: both\" \/><\/p>\n<dl class='gallery-item'>\n<dt class='gallery-icon landscape'>\n\t\t\t\t<a href='https:\/\/www.ranchorioebro.cz\/wp-content\/uploads\/2019\/10\/ap4.jpg' title=\"\" data-rl_title=\"\" class=\"rl-gallery-link\" data-rl_caption=\"\" data-rel=\"lightbox-gallery-1\"><img width=\"350\" height=\"250\" src=\"https:\/\/www.ranchorioebro.cz\/wp-content\/uploads\/2019\/10\/ap4-350x250.jpg\" class=\"attachment-thumbnail size-thumbnail\" alt=\"\" loading=\"lazy\" \/><\/a>\n\t\t\t<\/dt>\n<\/dl>\n<dl class='gallery-item'>\n<dt class='gallery-icon landscape'>\n\t\t\t\t<a href='https:\/\/www.ranchorioebro.cz\/wp-content\/uploads\/2019\/10\/Bar-89-1.jpg' title=\"\" data-rl_title=\"\" class=\"rl-gallery-link\" data-rl_caption=\"\" data-rel=\"lightbox-gallery-1\"><img width=\"350\" height=\"250\" src=\"https:\/\/www.ranchorioebro.cz\/wp-content\/uploads\/2019\/10\/Bar-89-1-350x250.jpg\" class=\"attachment-thumbnail size-thumbnail\" alt=\"\" loading=\"lazy\" \/><\/a>\n\t\t\t<\/dt>\n<\/dl>\n<dl class='gallery-item'>\n<dt class='gallery-icon landscape'>\n\t\t\t\t<a href='https:\/\/www.ranchorioebro.cz\/wp-content\/uploads\/2019\/10\/Bar-90-1.jpg' title=\"\" data-rl_title=\"\" class=\"rl-gallery-link\" data-rl_caption=\"\" data-rel=\"lightbox-gallery-1\"><img width=\"350\" height=\"250\" src=\"https:\/\/www.ranchorioebro.cz\/wp-content\/uploads\/2019\/10\/Bar-90-1-350x250.jpg\" class=\"attachment-thumbnail size-thumbnail\" alt=\"\" loading=\"lazy\" \/><\/a>\n\t\t\t<\/dt>\n<\/dl>\n<dl class='gallery-item'>\n<dt class='gallery-icon landscape'>\n\t\t\t\t<a href='https:\/\/www.ranchorioebro.cz\/wp-content\/uploads\/2019\/10\/bungalov_-_AP1AP2AP3.jpg' title=\"\" data-rl_title=\"\" class=\"rl-gallery-link\" data-rl_caption=\"\" data-rel=\"lightbox-gallery-1\"><img width=\"350\" height=\"250\" src=\"https:\/\/www.ranchorioebro.cz\/wp-content\/uploads\/2019\/10\/bungalov_-_AP1AP2AP3-350x250.jpg\" class=\"attachment-thumbnail size-thumbnail\" alt=\"\" loading=\"lazy\" \/><\/a>\n\t\t\t<\/dt>\n<\/dl>\n<p><br style=\"clear: both\" \/><\/p>\n<dl class='gallery-item'>\n<dt class='gallery-icon landscape'>\n\t\t\t\t<a href='https:\/\/www.ranchorioebro.cz\/wp-content\/uploads\/2019\/10\/nahled_kemp.jpg' title=\"\" data-rl_title=\"\" class=\"rl-gallery-link\" data-rl_caption=\"\" data-rel=\"lightbox-gallery-1\"><img width=\"350\" height=\"250\" src=\"https:\/\/www.ranchorioebro.cz\/wp-content\/uploads\/2019\/10\/nahled_kemp-350x250.jpg\" class=\"attachment-thumbnail size-thumbnail\" alt=\"\" loading=\"lazy\" \/><\/a>\n\t\t\t<\/dt>\n<\/dl>\n<dl class='gallery-item'>\n<dt class='gallery-icon landscape'>\n\t\t\t\t<a href='https:\/\/www.ranchorioebro.cz\/wp-content\/uploads\/2019\/10\/Nestor-55-1.jpg' title=\"\" data-rl_title=\"\" class=\"rl-gallery-link\" data-rl_caption=\"\" data-rel=\"lightbox-gallery-1\"><img width=\"350\" height=\"250\" src=\"https:\/\/www.ranchorioebro.cz\/wp-content\/uploads\/2019\/10\/Nestor-55-1-350x250.jpg\" class=\"attachment-thumbnail size-thumbnail\" alt=\"\" loading=\"lazy\" \/><\/a>\n\t\t\t<\/dt>\n<\/dl>\n<dl class='gallery-item'>\n<dt class='gallery-icon landscape'>\n\t\t\t\t<a href='https:\/\/www.ranchorioebro.cz\/wp-content\/uploads\/2019\/10\/Nestor-56-1.jpg' title=\"\" data-rl_title=\"\" class=\"rl-gallery-link\" data-rl_caption=\"\" data-rel=\"lightbox-gallery-1\"><img width=\"350\" height=\"250\" src=\"https:\/\/www.ranchorioebro.cz\/wp-content\/uploads\/2019\/10\/Nestor-56-1-350x250.jpg\" class=\"attachment-thumbnail size-thumbnail\" alt=\"\" loading=\"lazy\" \/><\/a>\n\t\t\t<\/dt>\n<\/dl>\n<dl class='gallery-item'>\n<dt class='gallery-icon landscape'>\n\t\t\t\t<a href='https:\/\/www.ranchorioebro.cz\/wp-content\/uploads\/2019\/10\/Pokoje-1-3-1.jpg' title=\"\" data-rl_title=\"\" class=\"rl-gallery-link\" data-rl_caption=\"\" data-rel=\"lightbox-gallery-1\"><img width=\"350\" height=\"250\" src=\"https:\/\/www.ranchorioebro.cz\/wp-content\/uploads\/2019\/10\/Pokoje-1-3-1-350x250.jpg\" class=\"attachment-thumbnail size-thumbnail\" alt=\"\" loading=\"lazy\" \/><\/a>\n\t\t\t<\/dt>\n<\/dl>\n<p><br style=\"clear: both\" \/><\/p>\n<dl class='gallery-item'>\n<dt class='gallery-icon landscape'>\n\t\t\t\t<a href='https:\/\/www.ranchorioebro.cz\/wp-content\/uploads\/2019\/10\/pristav.jpg' title=\"\" data-rl_title=\"\" class=\"rl-gallery-link\" data-rl_caption=\"\" data-rel=\"lightbox-gallery-1\"><img width=\"350\" height=\"250\" src=\"https:\/\/www.ranchorioebro.cz\/wp-content\/uploads\/2019\/10\/pristav-350x250.jpg\" class=\"attachment-thumbnail size-thumbnail\" alt=\"\" loading=\"lazy\" \/><\/a>\n\t\t\t<\/dt>\n<\/dl>\n<dl class='gallery-item'>\n<dt class='gallery-icon landscape'>\n\t\t\t\t<a href='https:\/\/www.ranchorioebro.cz\/wp-content\/uploads\/2019\/10\/reataurace.jpg' title=\"\" data-rl_title=\"\" class=\"rl-gallery-link\" data-rl_caption=\"\" data-rel=\"lightbox-gallery-1\"><img width=\"350\" height=\"250\" src=\"https:\/\/www.ranchorioebro.cz\/wp-content\/uploads\/2019\/10\/reataurace-350x250.jpg\" class=\"attachment-thumbnail size-thumbnail\" alt=\"\" loading=\"lazy\" \/><\/a>\n\t\t\t<\/dt>\n<\/dl>\n<p>\t\t\t<br style='clear: both' \/>\n\t\t<\/div>\n","protected":false},"excerpt":{"rendered":"<p>Rancho Rio Ebro &#8211; das ist unvergessliches Fischen in Spanien Das tschechische Camp Rancho Rio Ebro liegt ca. 8 km von der malerischen spanischen Stadt Mequinenza entfernt und ist dank seiner perfekten Lage ein ideales Basislager zum Angeln von Wels und anderen Fischen am Fluss Ebro. Dank unserer Sorgfalt sind wir fast zum Synonym f\u00fcr&#8230;<\/p>\n","protected":false},"author":1,"featured_media":954,"parent":1208,"menu_order":60,"comment_status":"closed","ping_status":"closed","template":"","meta":[],"_links":{"self":[{"href":"https:\/\/www.ranchorioebro.cz\/de\/wp-json\/wp\/v2\/pages\/1309\/"}],"collection":[{"href":"https:\/\/www.ranchorioebro.cz\/de\/wp-json\/wp\/v2\/pages\/"}],"about":[{"href":"https:\/\/www.ranchorioebro.cz\/de\/wp-json\/wp\/v2\/types\/page\/"}],"author":[{"embeddable":true,"href":"https:\/\/www.ranchorioebro.cz\/de\/wp-json\/wp\/v2\/users\/1\/"}],"replies":[{"embeddable":true,"href":"https:\/\/www.ranchorioebro.cz\/de\/wp-json\/wp\/v2\/comments\/?post=1309"}],"version-history":[{"count":1,"href":"https:\/\/www.ranchorioebro.cz\/de\/wp-json\/wp\/v2\/pages\/1309\/revisions\/"}],"predecessor-version":[{"id":1310,"href":"https:\/\/www.ranchorioebro.cz\/de\/wp-json\/wp\/v2\/pages\/1309\/revisions\/1310\/"}],"up":[{"embeddable":true,"href":"https:\/\/www.ranchorioebro.cz\/de\/wp-json\/wp\/v2\/pages\/1208\/"}],"wp:featuredmedia":[{"embeddable":true,"href":"https:\/\/www.ranchorioebro.cz\/de\/wp-json\/wp\/v2\/media\/954\/"}],"wp:attachment":[{"href":"https:\/\/www.ranchorioebro.cz\/de\/wp-json\/wp\/v2\/media\/?parent=1309"}],"curies":[{"name":"wp","href":"https:\/\/api.w.org\/{rel}","templated":true}]}}