{"id":1306,"date":"2019-10-14T12:33:45","date_gmt":"2019-10-14T10:33:45","guid":{"rendered":"https:\/\/www.ranchorioebro.cz\/fotogalerie-2\/lov-blackbass-na-rece-ebro\/"},"modified":"2019-11-22T09:45:43","modified_gmt":"2019-11-22T08:45:43","slug":"jagd-auf-blackbass-am-fluss-ebro","status":"publish","type":"page","link":"https:\/\/www.ranchorioebro.cz\/de\/fotogalerie-2\/jagd-auf-blackbass-am-fluss-ebro\/","title":{"rendered":"Jagd auf Blackbass am Fluss Ebro"},"content":{"rendered":"<p><strong>S<span class=\"tlid-translation translation\" lang=\"de\"><span class=\"\" title=\"\">chwarzbarsch<\/span><\/span><\/strong><span class=\"tlid-translation translation\" lang=\"de\"><span class=\"\" title=\"\"> wuchs hier nicht zu der Gr\u00f6\u00dfe, die aus amerikanischen Wettbewerben bekannt war, aber bei einem Gewicht von ca. 3 kg und einer L\u00e4nge von 60 cm ist ein Duell mit ihm ein unvergessliches Erlebnis &#8211; dank der ganzj\u00e4hrigen Verteidigung seiner Bev\u00f6lkerung im Mitteldamm wirklich zahlreich.<\/span><\/span><span class=\"tlid-translation translation\" lang=\"de\"> <span title=\"\">Siehe die angeh\u00e4ngte Fotogalerie.<\/span><\/span><\/p>\n<style type=\"text\/css\">\n\t\t\t#gallery-1 {\n\t\t\t\tmargin: auto;\n\t\t\t}\n\t\t\t#gallery-1 .gallery-item {\n\t\t\t\tfloat: left;\n\t\t\t\tmargin-top: 10px;\n\t\t\t\ttext-align: center;\n\t\t\t\twidth: 25%;\n\t\t\t}\n\t\t\t#gallery-1 img {\n\t\t\t\tborder: 2px solid #cfcfcf;\n\t\t\t}\n\t\t\t#gallery-1 .gallery-caption {\n\t\t\t\tmargin-left: 0;\n\t\t\t}\n\t\t\t\/* see gallery_shortcode() in wp-includes\/media.php *\/\n\t\t<\/style>\n<div id='gallery-1' class='gallery galleryid-1306 gallery-columns-4 gallery-size-thumbnail'>\n<dl class='gallery-item'>\n<dt class='gallery-icon landscape'>\n\t\t\t\t<a href='https:\/\/www.ranchorioebro.cz\/wp-content\/uploads\/2019\/10\/20190329_143203-2.jpg' title=\"\" data-rl_title=\"\" class=\"rl-gallery-link\" data-rl_caption=\"\" data-rel=\"lightbox-gallery-1\"><img width=\"350\" height=\"250\" src=\"https:\/\/www.ranchorioebro.cz\/wp-content\/uploads\/2019\/10\/20190329_143203-2-350x250.jpg\" class=\"attachment-thumbnail size-thumbnail\" alt=\"\" loading=\"lazy\" \/><\/a>\n\t\t\t<\/dt>\n<\/dl>\n<dl class='gallery-item'>\n<dt class='gallery-icon landscape'>\n\t\t\t\t<a href='https:\/\/www.ranchorioebro.cz\/wp-content\/uploads\/2019\/10\/20190329_151730.jpg' title=\"\" data-rl_title=\"\" class=\"rl-gallery-link\" data-rl_caption=\"\" data-rel=\"lightbox-gallery-1\"><img width=\"350\" height=\"250\" src=\"https:\/\/www.ranchorioebro.cz\/wp-content\/uploads\/2019\/10\/20190329_151730-350x250.jpg\" class=\"attachment-thumbnail size-thumbnail\" alt=\"\" loading=\"lazy\" \/><\/a>\n\t\t\t<\/dt>\n<\/dl>\n<dl class='gallery-item'>\n<dt class='gallery-icon portrait'>\n\t\t\t\t<a href='https:\/\/www.ranchorioebro.cz\/wp-content\/uploads\/2019\/10\/38877014_1616872638417143_4812219828184023040_n.jpg' title=\"\" data-rl_title=\"\" class=\"rl-gallery-link\" data-rl_caption=\"\" data-rel=\"lightbox-gallery-1\"><img width=\"350\" height=\"250\" src=\"https:\/\/www.ranchorioebro.cz\/wp-content\/uploads\/2019\/10\/38877014_1616872638417143_4812219828184023040_n-350x250.jpg\" class=\"attachment-thumbnail size-thumbnail\" alt=\"\" loading=\"lazy\" \/><\/a>\n\t\t\t<\/dt>\n<\/dl>\n<dl class='gallery-item'>\n<dt class='gallery-icon landscape'>\n\t\t\t\t<a href='https:\/\/www.ranchorioebro.cz\/wp-content\/uploads\/2019\/10\/39014817_1927808644186259_6827107308791660544_n-1.jpg' title=\"\" data-rl_title=\"\" class=\"rl-gallery-link\" data-rl_caption=\"\" data-rel=\"lightbox-gallery-1\"><img width=\"350\" height=\"250\" src=\"https:\/\/www.ranchorioebro.cz\/wp-content\/uploads\/2019\/10\/39014817_1927808644186259_6827107308791660544_n-1-350x250.jpg\" class=\"attachment-thumbnail size-thumbnail\" alt=\"\" loading=\"lazy\" \/><\/a>\n\t\t\t<\/dt>\n<\/dl>\n<p><br style=\"clear: both\" \/><\/p>\n<dl class='gallery-item'>\n<dt class='gallery-icon landscape'>\n\t\t\t\t<a href='https:\/\/www.ranchorioebro.cz\/wp-content\/uploads\/2019\/10\/IMG_2617-1.jpg' title=\"\" data-rl_title=\"\" class=\"rl-gallery-link\" data-rl_caption=\"\" data-rel=\"lightbox-gallery-1\"><img width=\"350\" height=\"250\" src=\"https:\/\/www.ranchorioebro.cz\/wp-content\/uploads\/2019\/10\/IMG_2617-1-350x250.jpg\" class=\"attachment-thumbnail size-thumbnail\" alt=\"\" loading=\"lazy\" \/><\/a>\n\t\t\t<\/dt>\n<\/dl>\n<dl class='gallery-item'>\n<dt class='gallery-icon portrait'>\n\t\t\t\t<a href='https:\/\/www.ranchorioebro.cz\/wp-content\/uploads\/2019\/10\/IMG_20180627_123913-kopie-1.jpg' title=\"\" data-rl_title=\"\" class=\"rl-gallery-link\" data-rl_caption=\"\" data-rel=\"lightbox-gallery-1\"><img width=\"350\" height=\"250\" src=\"https:\/\/www.ranchorioebro.cz\/wp-content\/uploads\/2019\/10\/IMG_20180627_123913-kopie-1-350x250.jpg\" class=\"attachment-thumbnail size-thumbnail\" alt=\"\" loading=\"lazy\" \/><\/a>\n\t\t\t<\/dt>\n<\/dl>\n<dl class='gallery-item'>\n<dt class='gallery-icon portrait'>\n\t\t\t\t<a href='https:\/\/www.ranchorioebro.cz\/wp-content\/uploads\/2019\/10\/IMG-a45c401b56f843572a8a1eba4f83b933-V.jpg' title=\"\" data-rl_title=\"\" class=\"rl-gallery-link\" data-rl_caption=\"\" data-rel=\"lightbox-gallery-1\"><img width=\"350\" height=\"250\" src=\"https:\/\/www.ranchorioebro.cz\/wp-content\/uploads\/2019\/10\/IMG-a45c401b56f843572a8a1eba4f83b933-V-350x250.jpg\" class=\"attachment-thumbnail size-thumbnail\" alt=\"\" loading=\"lazy\" \/><\/a>\n\t\t\t<\/dt>\n<\/dl>\n<dl class='gallery-item'>\n<dt class='gallery-icon landscape'>\n\t\t\t\t<a href='https:\/\/www.ranchorioebro.cz\/wp-content\/uploads\/2019\/10\/P7050154-1.jpg' title=\"\" data-rl_title=\"\" class=\"rl-gallery-link\" data-rl_caption=\"\" data-rel=\"lightbox-gallery-1\"><img width=\"350\" height=\"250\" src=\"https:\/\/www.ranchorioebro.cz\/wp-content\/uploads\/2019\/10\/P7050154-1-350x250.jpg\" class=\"attachment-thumbnail size-thumbnail\" alt=\"\" loading=\"lazy\" \/><\/a>\n\t\t\t<\/dt>\n<\/dl>\n<p><br style=\"clear: both\" \/><\/p>\n<dl class='gallery-item'>\n<dt class='gallery-icon landscape'>\n\t\t\t\t<a href='https:\/\/www.ranchorioebro.cz\/wp-content\/uploads\/2019\/10\/PHOTO-2019-06-08-19-03-08-2.jpg' title=\"\" data-rl_title=\"\" class=\"rl-gallery-link\" data-rl_caption=\"\" data-rel=\"lightbox-gallery-1\"><img width=\"350\" height=\"250\" src=\"https:\/\/www.ranchorioebro.cz\/wp-content\/uploads\/2019\/10\/PHOTO-2019-06-08-19-03-08-2-350x250.jpg\" class=\"attachment-thumbnail size-thumbnail\" alt=\"\" loading=\"lazy\" \/><\/a>\n\t\t\t<\/dt>\n<\/dl>\n<p>\t\t\t<br style='clear: both' \/>\n\t\t<\/div>\n<p>&nbsp;<\/p>\n<p>&nbsp;<\/p>\n","protected":false},"excerpt":{"rendered":"<p>Schwarzbarsch wuchs hier nicht zu der Gr\u00f6\u00dfe, die aus amerikanischen Wettbewerben bekannt war, aber bei einem Gewicht von ca. 3 kg und einer L\u00e4nge von 60 cm ist ein Duell mit ihm ein unvergessliches Erlebnis &#8211; dank der ganzj\u00e4hrigen Verteidigung seiner Bev\u00f6lkerung im Mitteldamm wirklich zahlreich. Siehe die angeh\u00e4ngte Fotogalerie. &nbsp; &nbsp;<\/p>\n","protected":false},"author":1,"featured_media":947,"parent":1208,"menu_order":50,"comment_status":"closed","ping_status":"closed","template":"","meta":[],"_links":{"self":[{"href":"https:\/\/www.ranchorioebro.cz\/de\/wp-json\/wp\/v2\/pages\/1306\/"}],"collection":[{"href":"https:\/\/www.ranchorioebro.cz\/de\/wp-json\/wp\/v2\/pages\/"}],"about":[{"href":"https:\/\/www.ranchorioebro.cz\/de\/wp-json\/wp\/v2\/types\/page\/"}],"author":[{"embeddable":true,"href":"https:\/\/www.ranchorioebro.cz\/de\/wp-json\/wp\/v2\/users\/1\/"}],"replies":[{"embeddable":true,"href":"https:\/\/www.ranchorioebro.cz\/de\/wp-json\/wp\/v2\/comments\/?post=1306"}],"version-history":[{"count":1,"href":"https:\/\/www.ranchorioebro.cz\/de\/wp-json\/wp\/v2\/pages\/1306\/revisions\/"}],"predecessor-version":[{"id":1308,"href":"https:\/\/www.ranchorioebro.cz\/de\/wp-json\/wp\/v2\/pages\/1306\/revisions\/1308\/"}],"up":[{"embeddable":true,"href":"https:\/\/www.ranchorioebro.cz\/de\/wp-json\/wp\/v2\/pages\/1208\/"}],"wp:featuredmedia":[{"embeddable":true,"href":"https:\/\/www.ranchorioebro.cz\/de\/wp-json\/wp\/v2\/media\/947\/"}],"wp:attachment":[{"href":"https:\/\/www.ranchorioebro.cz\/de\/wp-json\/wp\/v2\/media\/?parent=1306"}],"curies":[{"name":"wp","href":"https:\/\/api.w.org\/{rel}","templated":true}]}}