{"id":1218,"date":"2019-11-22T08:05:46","date_gmt":"2019-11-22T07:05:46","guid":{"rendered":"https:\/\/www.ranchorioebro.cz\/?page_id=1218"},"modified":"2019-11-22T08:06:05","modified_gmt":"2019-11-22T07:06:05","slug":"unsere-schiffe-2","status":"publish","type":"page","link":"https:\/\/www.ranchorioebro.cz\/de\/unsere-schiffe-2\/","title":{"rendered":"Unsere Schiffe"},"content":{"rendered":"<p><strong>I<span class=\"tlid-translation translation\" lang=\"de\" tabindex=\"-1\"><span title=\"\">n unserem Camp gibt<\/span><\/span><\/strong><span class=\"tlid-translation translation\" lang=\"de\" tabindex=\"-1\"><span title=\"\"> es verschiedene Arten von Charterbooten, f\u00fcr die Sie keine Lizenz ben\u00f6tigen. Wenn Sie ein absoluter Anf\u00e4nger sind, absolvieren Sie ein kurzes Boots- und Motorentraining und k\u00f6nnen sicher mit Ihren F\u00e4ngen auf dem Ebro beginnen.<\/span><\/span><span class=\"tlid-translation translation\" lang=\"de\" tabindex=\"-1\"> <span class=\"\" title=\"\">Genie\u00dfen Sie das Angeln in Spanien in vollen Z\u00fcgen &#8211; unsere Flotte steht Ihnen voll und ganz zur Verf\u00fcgung.<\/span><\/span><\/p>\n","protected":false},"excerpt":{"rendered":"<p>In unserem Camp gibt es verschiedene Arten von Charterbooten, f\u00fcr die Sie keine Lizenz ben\u00f6tigen. Wenn Sie ein absoluter Anf\u00e4nger sind, absolvieren Sie ein kurzes Boots- und Motorentraining und k\u00f6nnen sicher mit Ihren F\u00e4ngen auf dem Ebro beginnen. Genie\u00dfen Sie das Angeln in Spanien in vollen Z\u00fcgen &#8211; unsere Flotte steht Ihnen voll und ganz&#8230;<\/p>\n","protected":false},"author":3,"featured_media":0,"parent":0,"menu_order":0,"comment_status":"closed","ping_status":"closed","template":"template-boats.php","meta":[],"_links":{"self":[{"href":"https:\/\/www.ranchorioebro.cz\/de\/wp-json\/wp\/v2\/pages\/1218\/"}],"collection":[{"href":"https:\/\/www.ranchorioebro.cz\/de\/wp-json\/wp\/v2\/pages\/"}],"about":[{"href":"https:\/\/www.ranchorioebro.cz\/de\/wp-json\/wp\/v2\/types\/page\/"}],"author":[{"embeddable":true,"href":"https:\/\/www.ranchorioebro.cz\/de\/wp-json\/wp\/v2\/users\/3\/"}],"replies":[{"embeddable":true,"href":"https:\/\/www.ranchorioebro.cz\/de\/wp-json\/wp\/v2\/comments\/?post=1218"}],"version-history":[{"count":3,"href":"https:\/\/www.ranchorioebro.cz\/de\/wp-json\/wp\/v2\/pages\/1218\/revisions\/"}],"predecessor-version":[{"id":1253,"href":"https:\/\/www.ranchorioebro.cz\/de\/wp-json\/wp\/v2\/pages\/1218\/revisions\/1253\/"}],"wp:attachment":[{"href":"https:\/\/www.ranchorioebro.cz\/de\/wp-json\/wp\/v2\/media\/?parent=1218"}],"curies":[{"name":"wp","href":"https:\/\/api.w.org\/{rel}","templated":true}]}}