{"id":1204,"date":"2019-11-18T09:22:18","date_gmt":"2019-11-18T08:22:18","guid":{"rendered":"https:\/\/www.ranchorioebro.cz\/?page_id=1204"},"modified":"2026-01-21T19:41:45","modified_gmt":"2026-01-21T18:41:45","slug":"kontakt-2","status":"publish","type":"page","link":"https:\/\/www.ranchorioebro.cz\/de\/kontakt-2\/","title":{"rendered":"Kontakt"},"content":{"rendered":"<h2><span class=\"tlid-translation translation\" lang=\"de\"><span class=\"\" title=\"\">Transport nach Spanien auf dem Ebro mit dem Auto<\/span><\/span><\/h2>\n<div class=\"text-wrap tlid-copy-target\">\n<div class=\"result-shield-container tlid-copy-target\" tabindex=\"0\"><span class=\"tlid-translation translation\" lang=\"de\"><span class=\"\" title=\"\">Wenn Sie Ihr eigenes Auto fahren m\u00f6chten, werden Sie wahrscheinlich Folgendes durchmachen:<\/span><\/span><\/div>\n<\/div>\n<ul>\n<li><strong><span class=\"tlid-translation translation\" lang=\"de\"><span class=\"\" title=\"\">Tschechische Republik<\/span><\/span>: <\/strong>Brno &#8211; Praha &#8211; Plze\u0148 &#8211; Rozvadov<\/li>\n<li><strong><span class=\"tlid-translation translation\" lang=\"de\"><span class=\"\" title=\"\">Deutschland<\/span><\/span>: <\/strong>Heilbronn &#8211; Karlsruhe &#8211; Freiburg<\/li>\n<li><strong>France: <\/strong>Mulhouse &#8211; Dijon &#8211; Lyon &#8211; Montpelier &#8211; Perpignan<\/li>\n<li><strong>Spanien: <\/strong>Barcelona &#8211; Leida &#8211; Fraga &#8211; Mequinenza<\/li>\n<\/ul>\n<p>D<span class=\"tlid-translation translation\" lang=\"de\"><span title=\"\">ie Entfernung Brno &#8211; Rancho Rio Ebro betr\u00e4gt ungef\u00e4hr 2.100 km und die Fahrt dauert ungef\u00e4hr 20 &#8211; 24 Stunden. Sie fahren praktisch st\u00e4ndig auf den Autobahnen (rechnen Sie mit der Maut in Frankreich und Spanien, f\u00fcr die Sie f\u00fcr beide Fahrten ungef\u00e4hr 180 \u20ac bezahlen).<\/span> <span class=\"\" title=\"\">Nehmen Sie die alte Autobahn A2 von Barcelona aus, da diese kostenlos ist.<\/span><\/span><\/p>\n<p><a title=\"Trasa Brno - Mequinenza\" href=\"https:\/\/www.google.cz\/maps\/dir\/Brno\/Mequinenza,+Provincie+Zaragoza,+%C5%A0pan%C4%9Blsko\/@45.5696036,3.6890658,6z\/data=!3m1!4b1!4m13!4m12!1m5!1m1!1s0x4712943ac03f5111:0x400af0f6614b1b0!2m2!1d16.6068371!2d49.1950602!1m5!1m1!1s0x12a73621dbeafc1b:0x41fc3d25ae375b1b!2m2!1d0.1869644!2d41.3208481\" target=\"_blank\" rel=\"noopener noreferrer\">&gt;&gt; <span class=\"tlid-translation translation\" lang=\"de\"><span class=\"\" title=\"\">Routenverkn\u00fcpfung<\/span><\/span><\/a><\/p>\n<h2><span class=\"tlid-translation translation\" lang=\"de\"><span class=\"\" title=\"\">Transport mit dem Flugzeug nach Spanien auf dem Ebro<\/span><\/span><\/h2>\n<p><span class=\"tlid-translation translation\" lang=\"de\"><span title=\"\">Heutzutage gibt es Direktfl\u00fcge nach Barcelona und Girona von Prag, Wien und Bratislava &#8211; derzeit die g\u00fcnstigste spanische Fluggesellschaft Vueling &#8211; <a href=\"http:\/\/www.vueling.com\/\">http:\/\/www.vueling.com\/<\/a> &#8211; zum Preis eines Hin- und R\u00fcckflugtickets normalerweise 120 &#8211; 160 \u20ac.<\/span> <span title=\"\">Sie k\u00f6nnen auch gelegentlich Geld sparen (z. B.<a href=\"http:\/\/Skypicker.com\"> Skypicker.com<\/a> oder <a href=\"http:\/\/skyscanner.com\">skyscanner.com<\/a>).<\/span> <span class=\"\" title=\"\">, <a href=\"http:\/\/www.europcar.com\">www.europcar.com<\/a> &#8211; Preise f\u00fcr kleinere Seat Ibiza Fahrzeuge beginnen bei ca.<\/span> <span class=\"\" title=\"\">100 \u20ac \/ Woche.<\/span><\/span><\/p>\n","protected":false},"excerpt":{"rendered":"<p>Transport nach Spanien auf dem Ebro mit dem Auto Wenn Sie Ihr eigenes Auto fahren m\u00f6chten, werden Sie wahrscheinlich Folgendes durchmachen: Tschechische Republik: Brno &#8211; Praha &#8211; Plze\u0148 &#8211; Rozvadov Deutschland: Heilbronn &#8211; Karlsruhe &#8211; Freiburg France: Mulhouse &#8211; Dijon &#8211; Lyon &#8211; Montpelier &#8211; Perpignan Spanien: Barcelona &#8211; Leida &#8211; Fraga &#8211; Mequinenza Die&#8230;<\/p>\n","protected":false},"author":1,"featured_media":0,"parent":0,"menu_order":0,"comment_status":"closed","ping_status":"closed","template":"template-contact.php","meta":[],"_links":{"self":[{"href":"https:\/\/www.ranchorioebro.cz\/de\/wp-json\/wp\/v2\/pages\/1204\/"}],"collection":[{"href":"https:\/\/www.ranchorioebro.cz\/de\/wp-json\/wp\/v2\/pages\/"}],"about":[{"href":"https:\/\/www.ranchorioebro.cz\/de\/wp-json\/wp\/v2\/types\/page\/"}],"author":[{"embeddable":true,"href":"https:\/\/www.ranchorioebro.cz\/de\/wp-json\/wp\/v2\/users\/1\/"}],"replies":[{"embeddable":true,"href":"https:\/\/www.ranchorioebro.cz\/de\/wp-json\/wp\/v2\/comments\/?post=1204"}],"version-history":[{"count":10,"href":"https:\/\/www.ranchorioebro.cz\/de\/wp-json\/wp\/v2\/pages\/1204\/revisions\/"}],"predecessor-version":[{"id":5528,"href":"https:\/\/www.ranchorioebro.cz\/de\/wp-json\/wp\/v2\/pages\/1204\/revisions\/5528\/"}],"wp:attachment":[{"href":"https:\/\/www.ranchorioebro.cz\/de\/wp-json\/wp\/v2\/media\/?parent=1204"}],"curies":[{"name":"wp","href":"https:\/\/api.w.org\/{rel}","templated":true}]}}